{"id":363,"date":"2016-06-03T10:39:22","date_gmt":"2016-06-03T08:39:22","guid":{"rendered":"http:\/\/ndrorchesterakademie.de\/?page_id=363"},"modified":"2026-04-02T19:33:02","modified_gmt":"2026-04-02T17:33:02","slug":"impressum","status":"publish","type":"page","link":"https:\/\/ndrorchesterakademie.de\/?page_id=363","title":{"rendered":"Impressum"},"content":{"rendered":"<p><span class=\"text\" style=\"color: #003300;\"><span style=\"color: #000000;\">Anbieter i.S.d. TDG \/ \u00a7 6 Abs. 2 MDStV:<\/span><br \/>\n<span style=\"color: #000000;\"> Akademie des NDR Elbphilharmonie Orchesters e. V.<\/span><br \/>\n<span style=\"color: #000000;\">vertreten durch den Vorsitzenden Hans-Udo Heinzmann und den Gesch\u00e4ftsf\u00fchrer Jens Pl\u00fccker<\/span><br \/>\n<span style=\"color: #000000;\"> Rothenbaumchaussee 132 \/ Haus 6<\/span><br \/>\n<span style=\"color: #000000;\"> 20149 Hamburg<\/span><\/span><br \/>\n<span style=\"color: #000000;\">Telefon (040) 41 56 &#8211; 35 61<\/span><br \/>\n<span style=\"color: #000000;\"><a class=\"news_link\" style=\"color: #000000;\" href=\"mailto:info@ndrorchesterakademie.de\">info@ndrorchesterakademie.de<\/a><\/span><br \/>\n<span style=\"color: #000000;\">Steuernummer 17\/422\/14326<\/span><\/p>\n<p>Kontoverbindung:<br \/>\nIBAN\u00a0 DE 1420 0505 5010 0212 3949<br \/>\nBIC\u00a0 HASPDEHHXXX<br \/>\nHamburger Sparkasse<\/p>\n<p><span style=\"color: #000000;\">Vereinsregister Nr. VR 21459<\/span><br \/>\n<span style=\"color: #000000;\">Vorsitzender: Hans-Udo Heinzmann<\/span><br \/>\n<span style=\"color: #000000;\"> Gesch\u00e4ftsf\u00fchrer: Jens Pl\u00fccker<\/span><\/p>\n<p><span style=\"color: #000000;\">Gestaltung und Realisation: Sonja Noethlich<\/span><\/p>\n<p>Fotos: Yihua Jin-Mengel, Sonja Noethlich, Jens Pl\u00fccker, Katharina K\u00fchl<br \/>\n<span style=\"font-size: revert;\">Fotos T. Hengelbrock, H.-U. Heinzmann, J. Pl\u00fccker, J. Franz, K. K\u00fchl, C. Rocholl: Gunter Gl\u00fccklich \/ NDR<\/span><br \/>\nFotos im Magazin 2018 von Florin Paul und Felicitas Mathe-Mix: Gunter Gl\u00fccklich \/ NDR<br \/>\nFoto L. Marmor: Holde Schneider \/ NDR<br \/>\n<span style=\"color: #000000;\">Fotos : Marcus Kr\u00fcger \/ NDR, Heidi Meyer \/ NDR<\/span><\/p>\n<p><span style=\"color: #000000;\">Haftungshinweis: Trotz sorgf\u00e4ltiger inhaltlicher Kontrolle \u00fcbernehmen wir keine Haftung f\u00fcr die Inhalte externer Links. F\u00fcr den Inhalt der verlinkten Seiten sind ausschlie\u00dflich deren Betreiber verantwortlich.<\/span><\/p>\n","protected":false},"excerpt":{"rendered":"<p>Anbieter i.S.d. TDG \/ \u00a7 6 Abs. 2 MDStV: Akademie des NDR Elbphilharmonie Orchesters e. V. vertreten durch den Vorsitzenden Hans-Udo Heinzmann und den Gesch\u00e4ftsf\u00fchrer Jens Pl\u00fccker Rothenbaumchaussee 132 \/ Haus 6 20149 Hamburg Telefon (040) 41 56 &#8211; 35 61 info@ndrorchesterakademie.de Steuernummer 17\/422\/14326 Kontoverbindung: IBAN\u00a0 DE 1420 0505 5010 0212 3949 BIC\u00a0 HASPDEHHXXX Hamburger &hellip; <a href=\"https:\/\/ndrorchesterakademie.de\/?page_id=363\" class=\"more-link\"><span class=\"screen-reader-text\">Impressum<\/span> weiterlesen <span class=\"meta-nav\">&rarr;<\/span><\/a><\/p>\n","protected":false},"author":4,"featured_media":0,"parent":0,"menu_order":0,"comment_status":"closed","ping_status":"closed","template":"","meta":{"footnotes":""},"class_list":["post-363","page","type-page","status-publish","hentry"],"_links":{"self":[{"href":"https:\/\/ndrorchesterakademie.de\/index.php?rest_route=\/wp\/v2\/pages\/363","targetHints":{"allow":["GET"]}}],"collection":[{"href":"https:\/\/ndrorchesterakademie.de\/index.php?rest_route=\/wp\/v2\/pages"}],"about":[{"href":"https:\/\/ndrorchesterakademie.de\/index.php?rest_route=\/wp\/v2\/types\/page"}],"author":[{"embeddable":true,"href":"https:\/\/ndrorchesterakademie.de\/index.php?rest_route=\/wp\/v2\/users\/4"}],"replies":[{"embeddable":true,"href":"https:\/\/ndrorchesterakademie.de\/index.php?rest_route=%2Fwp%2Fv2%2Fcomments&post=363"}],"version-history":[{"count":23,"href":"https:\/\/ndrorchesterakademie.de\/index.php?rest_route=\/wp\/v2\/pages\/363\/revisions"}],"predecessor-version":[{"id":2653,"href":"https:\/\/ndrorchesterakademie.de\/index.php?rest_route=\/wp\/v2\/pages\/363\/revisions\/2653"}],"wp:attachment":[{"href":"https:\/\/ndrorchesterakademie.de\/index.php?rest_route=%2Fwp%2Fv2%2Fmedia&parent=363"}],"curies":[{"name":"wp","href":"https:\/\/api.w.org\/{rel}","templated":true}]}}