{"id":361,"date":"2016-06-03T10:38:19","date_gmt":"2016-06-03T08:38:19","guid":{"rendered":"http:\/\/ndrorchesterakademie.de\/?page_id=361"},"modified":"2025-09-30T20:48:46","modified_gmt":"2025-09-30T18:48:46","slug":"termine","status":"publish","type":"page","link":"https:\/\/ndrorchesterakademie.de\/?page_id=361","title":{"rendered":"Aktuelles"},"content":{"rendered":"\n<h4 class=\"wp-block-heading has-text-align-center\">Herzlich Willkommen!<\/h4>\n\n\n<div class=\"wp-block-image\">\n<figure class=\"aligncenter is-resized\"><img loading=\"lazy\" decoding=\"async\" width=\"300\" height=\"200\" src=\"https:\/\/ndrorchesterakademie.de\/wp-content\/uploads\/2025\/09\/IMG_2767-1-300x200.jpg\" alt=\"\" class=\"wp-image-2527\" style=\"width:634px;height:auto\" srcset=\"https:\/\/ndrorchesterakademie.de\/wp-content\/uploads\/2025\/09\/IMG_2767-1-300x200.jpg 300w, https:\/\/ndrorchesterakademie.de\/wp-content\/uploads\/2025\/09\/IMG_2767-1-1024x683.jpg 1024w, https:\/\/ndrorchesterakademie.de\/wp-content\/uploads\/2025\/09\/IMG_2767-1-768x512.jpg 768w, https:\/\/ndrorchesterakademie.de\/wp-content\/uploads\/2025\/09\/IMG_2767-1-1536x1024.jpg 1536w, https:\/\/ndrorchesterakademie.de\/wp-content\/uploads\/2025\/09\/IMG_2767-1-2048x1365.jpg 2048w\" sizes=\"auto, (max-width: 300px) 100vw, 300px\" \/><\/figure>\n<\/div>\n\n\n<p><\/p>\n\n\n\n<p>Foto: Katharina K\u00fchl<\/p>\n\n\n\n<h6 class=\"wp-block-heading has-text-align-center\">Wir begr\u00fc\u00dfen unsere neuen AkademistInnen der Saison 2025\/2026:<\/h6>\n\n\n\n<p class=\"has-text-align-center\">Violine: Junha Han, I-Su Kim, Yuha Kim, Jieun Son<\/p>\n\n\n\n<p class=\"has-text-align-center\">Viola: Jujie Zeng, Andrea Lamoca<\/p>\n\n\n\n<p class=\"has-text-align-center\">Violoncello: Jungyoon Lee, Marlene F\u00f6rstel<\/p>\n\n\n\n<p class=\"has-text-align-center\">Kontrabass: David Tinoco Cacho, Mikhail Akarodnikau<\/p>\n\n\n\n<p class=\"has-text-align-center\">Klarinette: Lena Sakura Scheurich<\/p>\n\n\n\n<p class=\"has-text-align-center\">Fagott: Carmen Juara Perez<\/p>\n\n\n\n<p class=\"has-text-align-center\">Horn: Sophie Christina Hoch<\/p>\n\n\n\n<p class=\"has-text-align-center\">Harfe: S\u00e9phora Foucher De La Fuente<\/p>\n\n\n\n<h6 class=\"wp-block-heading\">Wir freuen uns auf eine spannende Saison und eine gute Zusammenarbeit!<\/h6>\n","protected":false},"excerpt":{"rendered":"<p>Herzlich Willkommen! Foto: Katharina K\u00fchl Wir begr\u00fc\u00dfen unsere neuen AkademistInnen der Saison 2025\/2026: Violine: Junha Han, I-Su Kim, Yuha Kim, Jieun Son Viola: Jujie Zeng, Andrea Lamoca Violoncello: Jungyoon Lee, Marlene F\u00f6rstel Kontrabass: David Tinoco Cacho, Mikhail Akarodnikau Klarinette: Lena Sakura Scheurich Fagott: Carmen Juara Perez Horn: Sophie Christina Hoch Harfe: S\u00e9phora Foucher De La &hellip; <a href=\"https:\/\/ndrorchesterakademie.de\/?page_id=361\" class=\"more-link\"><span class=\"screen-reader-text\">Aktuelles<\/span> weiterlesen <span class=\"meta-nav\">&rarr;<\/span><\/a><\/p>\n","protected":false},"author":4,"featured_media":0,"parent":0,"menu_order":0,"comment_status":"closed","ping_status":"closed","template":"","meta":{"footnotes":""},"class_list":["post-361","page","type-page","status-publish","hentry"],"_links":{"self":[{"href":"https:\/\/ndrorchesterakademie.de\/index.php?rest_route=\/wp\/v2\/pages\/361","targetHints":{"allow":["GET"]}}],"collection":[{"href":"https:\/\/ndrorchesterakademie.de\/index.php?rest_route=\/wp\/v2\/pages"}],"about":[{"href":"https:\/\/ndrorchesterakademie.de\/index.php?rest_route=\/wp\/v2\/types\/page"}],"author":[{"embeddable":true,"href":"https:\/\/ndrorchesterakademie.de\/index.php?rest_route=\/wp\/v2\/users\/4"}],"replies":[{"embeddable":true,"href":"https:\/\/ndrorchesterakademie.de\/index.php?rest_route=%2Fwp%2Fv2%2Fcomments&post=361"}],"version-history":[{"count":72,"href":"https:\/\/ndrorchesterakademie.de\/index.php?rest_route=\/wp\/v2\/pages\/361\/revisions"}],"predecessor-version":[{"id":2528,"href":"https:\/\/ndrorchesterakademie.de\/index.php?rest_route=\/wp\/v2\/pages\/361\/revisions\/2528"}],"wp:attachment":[{"href":"https:\/\/ndrorchesterakademie.de\/index.php?rest_route=%2Fwp%2Fv2%2Fmedia&parent=361"}],"curies":[{"name":"wp","href":"https:\/\/api.w.org\/{rel}","templated":true}]}}