{"id":350,"date":"2016-06-03T09:51:47","date_gmt":"2016-06-03T07:51:47","guid":{"rendered":"http:\/\/ndrorchesterakademie.de\/?page_id=350"},"modified":"2025-09-30T20:41:01","modified_gmt":"2025-09-30T18:41:01","slug":"unterstuetzen","status":"publish","type":"page","link":"https:\/\/ndrorchesterakademie.de\/?page_id=350","title":{"rendered":"Mitgliedschaft"},"content":{"rendered":"<p style=\"text-align: left;\">Die Akademie des NDR Elbphilharmonie Orchesters e.V. k\u00fcmmert sich um die kulturelle Nachwuchsf\u00f6rderung im norddeutschen Raum. Sie steht allen Menschen offen, die sich f\u00fcr die F\u00f6rderung des musikalischen Nachwuchses engagieren m\u00f6chten.<\/p>\n<h6>Werden sie Mitglied der Akademie des NDR Elbphilharmonie Orchesters e.V.!<\/h6>\n<p style=\"text-align: left;\">Jahresbeitrag f\u00fcr Mitglieder:<\/p>\n<p style=\"text-align: left;\">ab 60,00\u20ac pro Jahr f\u00fcr eine Personenmitgliedschaft<\/p>\n<p style=\"text-align: left;\">ab 200,00\u20ac pro Jahr f\u00fcr eine Firmenmitgliedschaft<\/p>\n<h6 style=\"text-align: left;\"><a href=\"https:\/\/ndrorchesterakademie.de\/wp-content\/uploads\/2016\/06\/Beitrittserkl\u00e4rung.pdf\">Beitrittserkl\u00e4rung<\/a><\/h6>\n<p style=\"text-align: left;\"><a href=\"https:\/\/ndrorchesterakademie.de\/wp-content\/uploads\/2014\/11\/franz.jpg\" data-rel=\"lightbox-image-0\" data-rl_title=\"\" data-rl_caption=\"\" title=\"\"><img loading=\"lazy\" decoding=\"async\" class=\"size-medium wp-image-345 alignnone\" src=\"https:\/\/ndrorchesterakademie.de\/wp-content\/uploads\/2014\/11\/franz-300x300.jpg\" alt=\"franz\" width=\"300\" height=\"300\" srcset=\"https:\/\/ndrorchesterakademie.de\/wp-content\/uploads\/2014\/11\/franz-300x300.jpg 300w, https:\/\/ndrorchesterakademie.de\/wp-content\/uploads\/2014\/11\/franz-150x150.jpg 150w, https:\/\/ndrorchesterakademie.de\/wp-content\/uploads\/2014\/11\/franz.jpg 426w\" sizes=\"auto, (max-width: 300px) 100vw, 300px\" \/><\/a><\/p>\n<p style=\"text-align: left;\">Foto: Gunter Gl\u00fccklich<\/p>\n<h6 style=\"text-align: left;\"><em><span style=\"color: #99cc00;\">&#8222;Jeder, der in eine ad\u00e4quate und vielf\u00e4ltige Ausbildung des musikalischen Nachwuchses und somit letztendlich in die Zukunft der Orchesterlandschaft investieren m\u00f6chte, ist herzlich eingeladen, Mitglied unseres Vereins zu werden.&#8220;<\/span><\/em><\/h6>\n<p style=\"text-align: left;\"><span style=\"color: #000000;\">J\u00fcrgen Franz, Fl\u00f6tist im&nbsp;NDR Elbphilharmonie Orchester<\/span><\/p>\n<p style=\"text-align: left;\">\n","protected":false},"excerpt":{"rendered":"<p>Die Akademie des NDR Elbphilharmonie Orchesters e.V. k\u00fcmmert sich um die kulturelle Nachwuchsf\u00f6rderung im norddeutschen Raum. Sie steht allen Menschen offen, die sich f\u00fcr die F\u00f6rderung des musikalischen Nachwuchses engagieren m\u00f6chten. Werden sie Mitglied der Akademie des NDR Elbphilharmonie Orchesters e.V.! Jahresbeitrag f\u00fcr Mitglieder: ab 60,00\u20ac pro Jahr f\u00fcr eine Personenmitgliedschaft ab 200,00\u20ac pro Jahr &hellip; <a href=\"https:\/\/ndrorchesterakademie.de\/?page_id=350\" class=\"more-link\"><span class=\"screen-reader-text\">Mitgliedschaft<\/span> weiterlesen <span class=\"meta-nav\">&rarr;<\/span><\/a><\/p>\n","protected":false},"author":4,"featured_media":0,"parent":0,"menu_order":0,"comment_status":"closed","ping_status":"closed","template":"","meta":{"footnotes":""},"class_list":["post-350","page","type-page","status-publish","hentry"],"_links":{"self":[{"href":"https:\/\/ndrorchesterakademie.de\/index.php?rest_route=\/wp\/v2\/pages\/350","targetHints":{"allow":["GET"]}}],"collection":[{"href":"https:\/\/ndrorchesterakademie.de\/index.php?rest_route=\/wp\/v2\/pages"}],"about":[{"href":"https:\/\/ndrorchesterakademie.de\/index.php?rest_route=\/wp\/v2\/types\/page"}],"author":[{"embeddable":true,"href":"https:\/\/ndrorchesterakademie.de\/index.php?rest_route=\/wp\/v2\/users\/4"}],"replies":[{"embeddable":true,"href":"https:\/\/ndrorchesterakademie.de\/index.php?rest_route=%2Fwp%2Fv2%2Fcomments&post=350"}],"version-history":[{"count":34,"href":"https:\/\/ndrorchesterakademie.de\/index.php?rest_route=\/wp\/v2\/pages\/350\/revisions"}],"predecessor-version":[{"id":2064,"href":"https:\/\/ndrorchesterakademie.de\/index.php?rest_route=\/wp\/v2\/pages\/350\/revisions\/2064"}],"wp:attachment":[{"href":"https:\/\/ndrorchesterakademie.de\/index.php?rest_route=%2Fwp%2Fv2%2Fmedia&parent=350"}],"curies":[{"name":"wp","href":"https:\/\/api.w.org\/{rel}","templated":true}]}}