{"id":320,"date":"2016-06-03T22:35:25","date_gmt":"2016-06-03T20:35:25","guid":{"rendered":"http:\/\/ndrorchesterakademie.de\/?page_id=320"},"modified":"2025-09-30T20:52:59","modified_gmt":"2025-09-30T18:52:59","slug":"der-verein","status":"publish","type":"page","link":"https:\/\/ndrorchesterakademie.de\/?page_id=320","title":{"rendered":"Unser Vorstand"},"content":{"rendered":"<h4><img loading=\"lazy\" decoding=\"async\" class=\"aligncenter  wp-image-1679\" src=\"https:\/\/ndrorchesterakademie.de\/wp-content\/uploads\/2022\/02\/20220130_114424-2-300x175.jpg\" alt=\"\" width=\"607\" height=\"354\" srcset=\"https:\/\/ndrorchesterakademie.de\/wp-content\/uploads\/2022\/02\/20220130_114424-2-300x175.jpg 300w, https:\/\/ndrorchesterakademie.de\/wp-content\/uploads\/2022\/02\/20220130_114424-2-1024x596.jpg 1024w, https:\/\/ndrorchesterakademie.de\/wp-content\/uploads\/2022\/02\/20220130_114424-2-768x447.jpg 768w, https:\/\/ndrorchesterakademie.de\/wp-content\/uploads\/2022\/02\/20220130_114424-2-1536x894.jpg 1536w, https:\/\/ndrorchesterakademie.de\/wp-content\/uploads\/2022\/02\/20220130_114424-2-2048x1192.jpg 2048w\" sizes=\"auto, (max-width: 607px) 100vw, 607px\" \/><\/h4>\n<p>Foto: Sonja Noethlich<\/p>\n<p style=\"text-align: left;\">Prof. Hans-Udo Heinzmann, Vorsitzender; Jens Pl\u00fccker, Gesch\u00e4ftsf\u00fchrer; Julius Beck, Kassenwart; Christoph Rocholl, Protokollf\u00fchrer; Katharina K\u00fchl, Vorstand; Phillip Wentrup, Vorstand<\/p>\n<h6><em><span style=\"color: #99cc00;\">&#8222;Aus meiner Akademiezeit habe ich viel mitgenommen: Sehr wertvolle Praxiserfahrung, eine optimale Probespielvorbereitung, jede Menge Inspiration und die endg\u00fcltige Best\u00e4tigung daf\u00fcr, dass der Beruf des Orchestermusikers mein Traumberuf ist.&#8220;<\/span><\/em><\/h6>\n<p>(Phillip Wentrup, ehemals Akademist, heute Cellist im NDR Elbphilharmonie Orchester und im Vorstand der Akademie)<\/p>\n<h6 style=\"text-align: left;\"><span style=\"color: #000000;\">Unsere Vereinssatzung als Download:<\/span><\/h6>\n<h6 style=\"text-align: left;\"><span style=\"text-decoration: underline;\"><span style=\"color: #993300; text-decoration: underline;\"><a href=\"https:\/\/ndrorchesterakademie.de\/wp-content\/uploads\/2019\/06\/Satzungsakademie-2017.pdf\">Satzung der Akademie<\/a><\/span><\/span><\/h6>\n<h4 id=\"block-4a9d3976-9ed0-40ce-8ee5-07a900e57302\" class=\"block-editor-rich-text__editable block-editor-block-list__block wp-block is-selected rich-text\" style=\"text-align: left;\" tabindex=\"0\" role=\"group\" contenteditable=\"true\" aria-multiline=\"true\" aria-label=\"Block: \u00dcberschrift\" data-block=\"4a9d3976-9ed0-40ce-8ee5-07a900e57302\" data-type=\"core\/heading\" data-title=\"\u00dcberschrift\">\u00a0<\/h4>\n<p style=\"text-align: left;\">\u00a0<\/p>\n\n\n<p><\/p>\n","protected":false},"excerpt":{"rendered":"<p>Foto: Sonja Noethlich Prof. Hans-Udo Heinzmann, Vorsitzender; Jens Pl\u00fccker, Gesch\u00e4ftsf\u00fchrer; Julius Beck, Kassenwart; Christoph Rocholl, Protokollf\u00fchrer; Katharina K\u00fchl, Vorstand; Phillip Wentrup, Vorstand &#8222;Aus meiner Akademiezeit habe ich viel mitgenommen: Sehr wertvolle Praxiserfahrung, eine optimale Probespielvorbereitung, jede Menge Inspiration und die endg\u00fcltige Best\u00e4tigung daf\u00fcr, dass der Beruf des Orchestermusikers mein Traumberuf ist.&#8220; (Phillip Wentrup, ehemals Akademist, &hellip; <a href=\"https:\/\/ndrorchesterakademie.de\/?page_id=320\" class=\"more-link\"><span class=\"screen-reader-text\">Unser Vorstand<\/span> weiterlesen <span class=\"meta-nav\">&rarr;<\/span><\/a><\/p>\n","protected":false},"author":4,"featured_media":0,"parent":0,"menu_order":0,"comment_status":"closed","ping_status":"closed","template":"","meta":{"footnotes":""},"class_list":["post-320","page","type-page","status-publish","hentry"],"_links":{"self":[{"href":"https:\/\/ndrorchesterakademie.de\/index.php?rest_route=\/wp\/v2\/pages\/320","targetHints":{"allow":["GET"]}}],"collection":[{"href":"https:\/\/ndrorchesterakademie.de\/index.php?rest_route=\/wp\/v2\/pages"}],"about":[{"href":"https:\/\/ndrorchesterakademie.de\/index.php?rest_route=\/wp\/v2\/types\/page"}],"author":[{"embeddable":true,"href":"https:\/\/ndrorchesterakademie.de\/index.php?rest_route=\/wp\/v2\/users\/4"}],"replies":[{"embeddable":true,"href":"https:\/\/ndrorchesterakademie.de\/index.php?rest_route=%2Fwp%2Fv2%2Fcomments&post=320"}],"version-history":[{"count":55,"href":"https:\/\/ndrorchesterakademie.de\/index.php?rest_route=\/wp\/v2\/pages\/320\/revisions"}],"predecessor-version":[{"id":2331,"href":"https:\/\/ndrorchesterakademie.de\/index.php?rest_route=\/wp\/v2\/pages\/320\/revisions\/2331"}],"wp:attachment":[{"href":"https:\/\/ndrorchesterakademie.de\/index.php?rest_route=%2Fwp%2Fv2%2Fmedia&parent=320"}],"curies":[{"name":"wp","href":"https:\/\/api.w.org\/{rel}","templated":true}]}}