{"id":297,"date":"2016-06-03T22:11:26","date_gmt":"2016-06-03T20:11:26","guid":{"rendered":"http:\/\/ndrorchesterakademie.de\/?page_id=297"},"modified":"2025-09-30T20:35:54","modified_gmt":"2025-09-30T18:35:54","slug":"jugendsinfonieorchester","status":"publish","type":"page","link":"https:\/\/ndrorchesterakademie.de\/?page_id=297","title":{"rendered":"NDR Jugendsinfonieorchester"},"content":{"rendered":"<h4 style=\"text-align: left;\">Mit den Profis an einem Pult<\/h4>\n<p style=\"text-align: left;\"><span style=\"color: #000000;\">Das NDR Jugendsinfonieorchester setzt sich aus Mitgliedern f\u00fchrender Jugendorchester Norddeutschlands, erfolgreichen Teilnehmern des Wettbewerbs &#8220; Jugend musiziert&#8220;, Studenten der norddeutschen Musikhochschulen sowie den Akademisten des NDR Elbphilharmonie Orchesters e.V. zusammen.<\/span><\/p>\n<p>Im Januar 2017 er\u00f6ffnete die Elbphilharmonie und bereits zwei Monate sp\u00e4ter hat sich das NDR Jugendsinfonieorchester unter der Leitung von Garrett Keast erstmals das neue Konzertpodium erobert.<\/p>\n<h6><img loading=\"lazy\" decoding=\"async\" class=\"size-medium wp-image-344\" src=\"https:\/\/ndrorchesterakademie.de\/wp-content\/uploads\/2014\/11\/rocholl-300x300.jpg\" alt=\"Christoph Rocholl Vorstand\" width=\"300\" height=\"300\" srcset=\"https:\/\/ndrorchesterakademie.de\/wp-content\/uploads\/2014\/11\/rocholl-300x300.jpg 300w, https:\/\/ndrorchesterakademie.de\/wp-content\/uploads\/2014\/11\/rocholl-150x150.jpg 150w, https:\/\/ndrorchesterakademie.de\/wp-content\/uploads\/2014\/11\/rocholl.jpg 426w\" sizes=\"auto, (max-width: 300px) 100vw, 300px\" \/><\/h6>\n<div class=\"wp-caption-dd\">Foto: Gunter Gl\u00fccklich<\/div>\n<h6><em><span style=\"color: #99cc00;\">&#8222;Wir m\u00f6chten jungen Musikern das Erlebnis erm\u00f6glichen, auf h\u00f6chstem Niveau zu musizieren, und ihnen wertvolle Anregungen f\u00fcr die engagierte Auseinandersetzung mit ihrem Instrument geben.&#8220; <\/span><\/em><\/h6>\n<p>(Christoph Rocholl, Vorstand der Akademie des NDR Elbphilharmonie Orchesters e.V. und Cellist im NDR Elbphilharmonie Orchester)<\/p>\n<p style=\"text-align: left;\"><span style=\"color: #000000;\">Die Organisation der Konzerte findet in Zusammenarbeit mit der Redaktion des NDR Elbphilharmonie Orchesters und der Education-Abteilung des NDR statt. Unter folgendem Link k\u00f6nnen Sie sich auch f\u00fcr das NDR Jugendsinfonieorchester bewerben.<\/span><\/p>\n<h6><a href=\"https:\/\/www.ndr.de\/orchester_chor\/elbphilharmonieorchester\/orchester\/NDR-Jugendsinfonieorchester-2017-2019,ndrjso102.html\">Alle Infos zum NDR Jugendsinfonieorchester<\/a><\/h6>\n<h6 style=\"text-align: left;\"><\/h6>\n<p style=\"text-align: center;\"><span style=\"color: #000000;\">&nbsp;<\/span><\/p>\n","protected":false},"excerpt":{"rendered":"<p>Mit den Profis an einem Pult Das NDR Jugendsinfonieorchester setzt sich aus Mitgliedern f\u00fchrender Jugendorchester Norddeutschlands, erfolgreichen Teilnehmern des Wettbewerbs &#8220; Jugend musiziert&#8220;, Studenten der norddeutschen Musikhochschulen sowie den Akademisten des NDR Elbphilharmonie Orchesters e.V. zusammen. Im Januar 2017 er\u00f6ffnete die Elbphilharmonie und bereits zwei Monate sp\u00e4ter hat sich das NDR Jugendsinfonieorchester unter der Leitung &hellip; <a href=\"https:\/\/ndrorchesterakademie.de\/?page_id=297\" class=\"more-link\"><span class=\"screen-reader-text\">NDR Jugendsinfonieorchester<\/span> weiterlesen <span class=\"meta-nav\">&rarr;<\/span><\/a><\/p>\n","protected":false},"author":4,"featured_media":0,"parent":0,"menu_order":0,"comment_status":"closed","ping_status":"closed","template":"","meta":{"footnotes":""},"class_list":["post-297","page","type-page","status-publish","hentry"],"_links":{"self":[{"href":"https:\/\/ndrorchesterakademie.de\/index.php?rest_route=\/wp\/v2\/pages\/297","targetHints":{"allow":["GET"]}}],"collection":[{"href":"https:\/\/ndrorchesterakademie.de\/index.php?rest_route=\/wp\/v2\/pages"}],"about":[{"href":"https:\/\/ndrorchesterakademie.de\/index.php?rest_route=\/wp\/v2\/types\/page"}],"author":[{"embeddable":true,"href":"https:\/\/ndrorchesterakademie.de\/index.php?rest_route=\/wp\/v2\/users\/4"}],"replies":[{"embeddable":true,"href":"https:\/\/ndrorchesterakademie.de\/index.php?rest_route=%2Fwp%2Fv2%2Fcomments&post=297"}],"version-history":[{"count":31,"href":"https:\/\/ndrorchesterakademie.de\/index.php?rest_route=\/wp\/v2\/pages\/297\/revisions"}],"predecessor-version":[{"id":2071,"href":"https:\/\/ndrorchesterakademie.de\/index.php?rest_route=\/wp\/v2\/pages\/297\/revisions\/2071"}],"wp:attachment":[{"href":"https:\/\/ndrorchesterakademie.de\/index.php?rest_route=%2Fwp%2Fv2%2Fmedia&parent=297"}],"curies":[{"name":"wp","href":"https:\/\/api.w.org\/{rel}","templated":true}]}}