{"id":2,"date":"2016-06-03T12:21:21","date_gmt":"2016-06-03T10:21:21","guid":{"rendered":"http:\/\/ndrorchesterakademie.de\/Neue_homepage\/inside\/?page_id=2"},"modified":"2026-03-11T16:24:22","modified_gmt":"2026-03-11T15:24:22","slug":"beispiel-seite","status":"publish","type":"page","link":"https:\/\/ndrorchesterakademie.de\/","title":{"rendered":"Home"},"content":{"rendered":"\n<div class=\"wp-block-group\"><div class=\"wp-block-group__inner-container is-layout-flow wp-block-group-is-layout-flow\">\n<div class=\"wp-block-columns is-layout-flex wp-container-core-columns-is-layout-9d6595d7 wp-block-columns-is-layout-flex\">\n<div class=\"wp-block-column is-layout-flow wp-block-column-is-layout-flow\" style=\"flex-basis:100%\">\n<h6 style=\"text-align: left;\">Nachwuchsf\u00f6rderung &#8211; effektiv und individuell<\/h6>\n<p style=\"text-align: left;\">2012 auf Initiative der Orchestermusiker als gemeinn\u00fctziger Verein gegr\u00fcndet, vergibt die Akademie des NDR Elbphilharmonie Orchesters e.V. j\u00e4hrlich an inzwischen 14 Studienabsolventen Stipendien mit dem Ziel, die Stipendiaten bestm\u00f6glich auf die Anforderungen vorzubereiten, die ein Orchestermusiker in seinem Berufsleben erf\u00fcllen muss. Wichtige Nachwuchsarbeit im norddeutschen Raum leistet auch das von der Akademie gegr\u00fcndete NDR Jugendsinfonieorchester.<\/p>\n<p><img loading=\"lazy\" decoding=\"async\" class=\"aligncenter wp-image-2644 \" src=\"https:\/\/ndrorchesterakademie.de\/wp-content\/uploads\/2026\/03\/HL_Anzug_quer-300x168.jpg\" alt=\"\" width=\"615\" height=\"345\" srcset=\"https:\/\/ndrorchesterakademie.de\/wp-content\/uploads\/2026\/03\/HL_Anzug_quer-300x168.jpg 300w, https:\/\/ndrorchesterakademie.de\/wp-content\/uploads\/2026\/03\/HL_Anzug_quer-1024x574.jpg 1024w, https:\/\/ndrorchesterakademie.de\/wp-content\/uploads\/2026\/03\/HL_Anzug_quer-768x430.jpg 768w, https:\/\/ndrorchesterakademie.de\/wp-content\/uploads\/2026\/03\/HL_Anzug_quer-1536x860.jpg 1536w, https:\/\/ndrorchesterakademie.de\/wp-content\/uploads\/2026\/03\/HL_Anzug_quer-2048x1147.jpg 2048w\" sizes=\"auto, (max-width: 615px) 100vw, 615px\" \/><\/p>\n<p>Credit: NDR\/Janis R\u00f6hlig<\/p>\n<h6 style=\"text-align: left;\"><span style=\"color: #99cc00;\"><em>\u201e<\/em><em>Die Akademie des NDR Elbphilharmonie Orchesters zeigt besonders gut, was unser Orchester ausmacht: Exzellenz, Gemeinschaft. Engagement. Denn hier geben unsere Musikerinnen und Musiker ihr Wissen weiter, teilen ihre Erfahrungen und \u00f6ffnen jungen Nachwuchsmusikern die T\u00fcr zur professionellen Orchesterarbeit. Aus \u00dcberzeugung und auf freiwilliger Basis. Diese N\u00e4he, dieses Miteinander auf Augenh\u00f6he, ist etwas Besonderes.&#8220;<\/em><\/span><\/h6>\n<div dir=\"ltr\">\n<p><span style=\"font-size: revert;\">(Hendrik L\u00fcnenborg, Intendant des Norddeutschen Rundfunks und Ehrenvorsitzender der Akademie des NDR Elbphilharmonie Orchesters e.V.)<\/span><\/p>\n<\/div>\n<\/div>\n<\/div>\n<\/div><\/div>\n\n\n\n<p><\/p>\n","protected":false},"excerpt":{"rendered":"<p>Nachwuchsf\u00f6rderung &#8211; effektiv und individuell 2012 auf Initiative der Orchestermusiker als gemeinn\u00fctziger Verein gegr\u00fcndet, vergibt die Akademie des NDR Elbphilharmonie Orchesters e.V. j\u00e4hrlich an inzwischen 14 Studienabsolventen Stipendien mit dem Ziel, die Stipendiaten bestm\u00f6glich auf die Anforderungen vorzubereiten, die ein Orchestermusiker in seinem Berufsleben erf\u00fcllen muss. Wichtige Nachwuchsarbeit im norddeutschen Raum leistet auch das von &hellip; <a href=\"https:\/\/ndrorchesterakademie.de\/\" class=\"more-link\"><span class=\"screen-reader-text\">Home<\/span> weiterlesen <span class=\"meta-nav\">&rarr;<\/span><\/a><\/p>\n","protected":false},"author":4,"featured_media":0,"parent":0,"menu_order":0,"comment_status":"closed","ping_status":"closed","template":"","meta":{"footnotes":""},"class_list":["post-2","page","type-page","status-publish","hentry"],"_links":{"self":[{"href":"https:\/\/ndrorchesterakademie.de\/index.php?rest_route=\/wp\/v2\/pages\/2","targetHints":{"allow":["GET"]}}],"collection":[{"href":"https:\/\/ndrorchesterakademie.de\/index.php?rest_route=\/wp\/v2\/pages"}],"about":[{"href":"https:\/\/ndrorchesterakademie.de\/index.php?rest_route=\/wp\/v2\/types\/page"}],"author":[{"embeddable":true,"href":"https:\/\/ndrorchesterakademie.de\/index.php?rest_route=\/wp\/v2\/users\/4"}],"replies":[{"embeddable":true,"href":"https:\/\/ndrorchesterakademie.de\/index.php?rest_route=%2Fwp%2Fv2%2Fcomments&post=2"}],"version-history":[{"count":49,"href":"https:\/\/ndrorchesterakademie.de\/index.php?rest_route=\/wp\/v2\/pages\/2\/revisions"}],"predecessor-version":[{"id":2649,"href":"https:\/\/ndrorchesterakademie.de\/index.php?rest_route=\/wp\/v2\/pages\/2\/revisions\/2649"}],"wp:attachment":[{"href":"https:\/\/ndrorchesterakademie.de\/index.php?rest_route=%2Fwp%2Fv2%2Fmedia&parent=2"}],"curies":[{"name":"wp","href":"https:\/\/api.w.org\/{rel}","templated":true}]}}