{"id":1985,"date":"2022-03-27T17:10:52","date_gmt":"2022-03-27T15:10:52","guid":{"rendered":"https:\/\/ndrorchesterakademie.de\/?page_id=1985"},"modified":"2025-09-29T11:01:15","modified_gmt":"2025-09-29T09:01:15","slug":"aaron-biebuyck","status":"publish","type":"page","link":"https:\/\/ndrorchesterakademie.de\/?page_id=1985","title":{"rendered":"Carmen Juara Perez"},"content":{"rendered":"\n<figure class=\"wp-block-image size-large\"><img loading=\"lazy\" decoding=\"async\" width=\"683\" height=\"1024\" src=\"https:\/\/ndrorchesterakademie.de\/wp-content\/uploads\/2025\/09\/IMG_3222-683x1024.jpg\" alt=\"\" class=\"wp-image-2549\" srcset=\"https:\/\/ndrorchesterakademie.de\/wp-content\/uploads\/2025\/09\/IMG_3222-683x1024.jpg 683w, https:\/\/ndrorchesterakademie.de\/wp-content\/uploads\/2025\/09\/IMG_3222-200x300.jpg 200w, https:\/\/ndrorchesterakademie.de\/wp-content\/uploads\/2025\/09\/IMG_3222-768x1152.jpg 768w, https:\/\/ndrorchesterakademie.de\/wp-content\/uploads\/2025\/09\/IMG_3222-1024x1536.jpg 1024w, https:\/\/ndrorchesterakademie.de\/wp-content\/uploads\/2025\/09\/IMG_3222-1365x2048.jpg 1365w, https:\/\/ndrorchesterakademie.de\/wp-content\/uploads\/2025\/09\/IMG_3222-scaled.jpg 1707w\" sizes=\"auto, (max-width: 683px) 100vw, 683px\" \/><figcaption class=\"wp-element-caption\">Foto: Katharina K\u00fchl<\/figcaption><\/figure>\n\n\n\n<h6 class=\"wp-block-heading\"><strong>Carmen Juara P<\/strong><strong>\u00e9rez \u2013 Fagott,<\/strong><\/h6>\n\n\n\n<p>wurde im Oktober 2001 in Madrid geboren und begann im Alter von sieben Jahren ihre musikalische Ausbildung am Conservatorio de San Lorenzo de El Escorial. Mit siebzehn Jahren ging die spanische Fagottistin nach Musikene an das Conservatorio Superior del Pais Vasco und studierte vier Jahre lang bei Prof. David Tom\u00e0s.<\/p>\n\n\n\n<p>Im Oktober 2023 kam Juara P\u00e9rez nach Deutschland und begann ihr Masterstudium an der Folkwang Universit\u00e4t der K\u00fcnste in Essen bei Prof. Malte Refardt.<\/p>\n\n\n\n<p>W\u00e4hrend ihres Studiums in Spanien arbeitete sie mit zahlreichen Profi- und Jugendorchestern zusammen und ist seit dem Jahr 2025 Mitglied im Gustav Mahler Jugendorchester und im Schleswig-Holstein Musik Festival Orchester.<\/p>\n\n\n\n<p>Sie freut sich ihre Ausbildung an einer deutschen Akademie fortzusetzen und mehr \u00fcber dieses Land zu erfahren.<\/p>\n\n\n\n<p><\/p>\n","protected":false},"excerpt":{"rendered":"<p>Carmen Juara P\u00e9rez \u2013 Fagott, wurde im Oktober 2001 in Madrid geboren und begann im Alter von sieben Jahren ihre musikalische Ausbildung am Conservatorio de San Lorenzo de El Escorial. Mit siebzehn Jahren ging die spanische Fagottistin nach Musikene an das Conservatorio Superior del Pais Vasco und studierte vier Jahre lang bei Prof. David Tom\u00e0s. &hellip; <a href=\"https:\/\/ndrorchesterakademie.de\/?page_id=1985\" class=\"more-link\"><span class=\"screen-reader-text\">Carmen Juara Perez<\/span> weiterlesen <span class=\"meta-nav\">&rarr;<\/span><\/a><\/p>\n","protected":false},"author":4,"featured_media":0,"parent":2339,"menu_order":0,"comment_status":"closed","ping_status":"closed","template":"","meta":{"footnotes":""},"class_list":["post-1985","page","type-page","status-publish","hentry"],"_links":{"self":[{"href":"https:\/\/ndrorchesterakademie.de\/index.php?rest_route=\/wp\/v2\/pages\/1985","targetHints":{"allow":["GET"]}}],"collection":[{"href":"https:\/\/ndrorchesterakademie.de\/index.php?rest_route=\/wp\/v2\/pages"}],"about":[{"href":"https:\/\/ndrorchesterakademie.de\/index.php?rest_route=\/wp\/v2\/types\/page"}],"author":[{"embeddable":true,"href":"https:\/\/ndrorchesterakademie.de\/index.php?rest_route=\/wp\/v2\/users\/4"}],"replies":[{"embeddable":true,"href":"https:\/\/ndrorchesterakademie.de\/index.php?rest_route=%2Fwp%2Fv2%2Fcomments&post=1985"}],"version-history":[{"count":18,"href":"https:\/\/ndrorchesterakademie.de\/index.php?rest_route=\/wp\/v2\/pages\/1985\/revisions"}],"predecessor-version":[{"id":2587,"href":"https:\/\/ndrorchesterakademie.de\/index.php?rest_route=\/wp\/v2\/pages\/1985\/revisions\/2587"}],"up":[{"embeddable":true,"href":"https:\/\/ndrorchesterakademie.de\/index.php?rest_route=\/wp\/v2\/pages\/2339"}],"wp:attachment":[{"href":"https:\/\/ndrorchesterakademie.de\/index.php?rest_route=%2Fwp%2Fv2%2Fmedia&parent=1985"}],"curies":[{"name":"wp","href":"https:\/\/api.w.org\/{rel}","templated":true}]}}