{"id":1215,"date":"2021-09-24T10:10:54","date_gmt":"2021-09-24T08:10:54","guid":{"rendered":"http:\/\/ndrorchesterakademie.de\/?page_id=1215"},"modified":"2025-09-29T11:19:28","modified_gmt":"2025-09-29T09:19:28","slug":"brendan-connellan","status":"publish","type":"page","link":"https:\/\/ndrorchesterakademie.de\/?page_id=1215","title":{"rendered":"Sophie Christina Hoch"},"content":{"rendered":"\n<figure class=\"wp-block-image size-large\"><img loading=\"lazy\" decoding=\"async\" width=\"683\" height=\"1024\" src=\"https:\/\/ndrorchesterakademie.de\/wp-content\/uploads\/2025\/09\/IMG_3263-683x1024.jpg\" alt=\"\" class=\"wp-image-2542\" srcset=\"https:\/\/ndrorchesterakademie.de\/wp-content\/uploads\/2025\/09\/IMG_3263-683x1024.jpg 683w, https:\/\/ndrorchesterakademie.de\/wp-content\/uploads\/2025\/09\/IMG_3263-200x300.jpg 200w, https:\/\/ndrorchesterakademie.de\/wp-content\/uploads\/2025\/09\/IMG_3263-768x1152.jpg 768w, https:\/\/ndrorchesterakademie.de\/wp-content\/uploads\/2025\/09\/IMG_3263-1024x1536.jpg 1024w, https:\/\/ndrorchesterakademie.de\/wp-content\/uploads\/2025\/09\/IMG_3263-1365x2048.jpg 1365w, https:\/\/ndrorchesterakademie.de\/wp-content\/uploads\/2025\/09\/IMG_3263-scaled.jpg 1707w\" sizes=\"auto, (max-width: 683px) 100vw, 683px\" \/><figcaption class=\"wp-element-caption\">Foto: Katharina K\u00fchl<\/figcaption><\/figure>\n\n\n\n<div class=\"wp-block-columns is-layout-flex wp-container-core-columns-is-layout-9d6595d7 wp-block-columns-is-layout-flex\">\n<div class=\"wp-block-column is-layout-flow wp-block-column-is-layout-flow\" style=\"flex-basis:100%\">\n<h6>Sophie Christina Hoch &#8211; Horn,<\/h6>\n<p>geboren 2002 in Villingen-Schwenningen, Deutschland, begann ihre musikalische Ausbildung am Horn im Jahr 2011. Seit 2021 studiert sie an der Universit\u00e4t f\u00fcr Musik und Darstellende Kunst Graz bei Prof. Matthias Rie\u00df. Musikalische Impulse erhielt sie auf zahlreiche Meisterkurse u.a. bei Marie-Luise Neunecker, Raimund Zell, Matias Pi\u00f1eira, Christian Lampert und Szabolcs Zempl\u00e9ni. Orchestererfahrung sammelte die deutsch-brasilianische Hornistin in nationalen und internationalen Jugendorchestern und ist seit 2025 Mitglied des Gustav-Mahler Jugendorchesters.<\/p>\n<\/div>\n<\/div>\n\n\n\n<h4 class=\"wp-block-heading\"><\/h4>\n","protected":false},"excerpt":{"rendered":"<p>Sophie Christina Hoch &#8211; Horn, geboren 2002 in Villingen-Schwenningen, Deutschland, begann ihre musikalische Ausbildung am Horn im Jahr 2011. Seit 2021 studiert sie an der Universit\u00e4t f\u00fcr Musik und Darstellende Kunst Graz bei Prof. Matthias Rie\u00df. Musikalische Impulse erhielt sie auf zahlreiche Meisterkurse u.a. bei Marie-Luise Neunecker, Raimund Zell, Matias Pi\u00f1eira, Christian Lampert und Szabolcs &hellip; <a href=\"https:\/\/ndrorchesterakademie.de\/?page_id=1215\" class=\"more-link\"><span class=\"screen-reader-text\">Sophie Christina Hoch<\/span> weiterlesen <span class=\"meta-nav\">&rarr;<\/span><\/a><\/p>\n","protected":false},"author":4,"featured_media":0,"parent":2339,"menu_order":0,"comment_status":"closed","ping_status":"closed","template":"","meta":{"footnotes":""},"class_list":["post-1215","page","type-page","status-publish","hentry"],"_links":{"self":[{"href":"https:\/\/ndrorchesterakademie.de\/index.php?rest_route=\/wp\/v2\/pages\/1215","targetHints":{"allow":["GET"]}}],"collection":[{"href":"https:\/\/ndrorchesterakademie.de\/index.php?rest_route=\/wp\/v2\/pages"}],"about":[{"href":"https:\/\/ndrorchesterakademie.de\/index.php?rest_route=\/wp\/v2\/types\/page"}],"author":[{"embeddable":true,"href":"https:\/\/ndrorchesterakademie.de\/index.php?rest_route=\/wp\/v2\/users\/4"}],"replies":[{"embeddable":true,"href":"https:\/\/ndrorchesterakademie.de\/index.php?rest_route=%2Fwp%2Fv2%2Fcomments&post=1215"}],"version-history":[{"count":23,"href":"https:\/\/ndrorchesterakademie.de\/index.php?rest_route=\/wp\/v2\/pages\/1215\/revisions"}],"predecessor-version":[{"id":2591,"href":"https:\/\/ndrorchesterakademie.de\/index.php?rest_route=\/wp\/v2\/pages\/1215\/revisions\/2591"}],"up":[{"embeddable":true,"href":"https:\/\/ndrorchesterakademie.de\/index.php?rest_route=\/wp\/v2\/pages\/2339"}],"wp:attachment":[{"href":"https:\/\/ndrorchesterakademie.de\/index.php?rest_route=%2Fwp%2Fv2%2Fmedia&parent=1215"}],"curies":[{"name":"wp","href":"https:\/\/api.w.org\/{rel}","templated":true}]}}