{"id":1099,"date":"2021-09-21T10:00:16","date_gmt":"2021-09-21T08:00:16","guid":{"rendered":"http:\/\/ndrorchesterakademie.de\/?page_id=1099"},"modified":"2025-09-28T23:58:13","modified_gmt":"2025-09-28T21:58:13","slug":"louis-xuhaoran-zhang","status":"publish","type":"page","link":"https:\/\/ndrorchesterakademie.de\/?page_id=1099","title":{"rendered":"Andrea Lamoca"},"content":{"rendered":"\n<figure class=\"wp-block-image size-large\"><img loading=\"lazy\" decoding=\"async\" width=\"683\" height=\"1024\" src=\"https:\/\/ndrorchesterakademie.de\/wp-content\/uploads\/2025\/09\/IMG_2994-683x1024.jpg\" alt=\"\" class=\"wp-image-2529\" srcset=\"https:\/\/ndrorchesterakademie.de\/wp-content\/uploads\/2025\/09\/IMG_2994-683x1024.jpg 683w, https:\/\/ndrorchesterakademie.de\/wp-content\/uploads\/2025\/09\/IMG_2994-200x300.jpg 200w, https:\/\/ndrorchesterakademie.de\/wp-content\/uploads\/2025\/09\/IMG_2994-768x1152.jpg 768w, https:\/\/ndrorchesterakademie.de\/wp-content\/uploads\/2025\/09\/IMG_2994-1024x1536.jpg 1024w, https:\/\/ndrorchesterakademie.de\/wp-content\/uploads\/2025\/09\/IMG_2994-1365x2048.jpg 1365w, https:\/\/ndrorchesterakademie.de\/wp-content\/uploads\/2025\/09\/IMG_2994-scaled.jpg 1706w\" sizes=\"auto, (max-width: 683px) 100vw, 683px\" \/><figcaption class=\"wp-element-caption\">Foto: Katharina K\u00fchl<\/figcaption><\/figure>\n\n\n\n<p class=\"has-text-align-center\"><\/p>\n\n\n\n<h6 class=\"wp-block-heading\">Andrea Lamoca &#8211; Viola,<\/h6>\n\n\n<p>Andrea Lamoca \u00c1lvarez wurde im Jahr 2000 in Palencia geboren, an dessen Musikkonservatorium sie ihr Studium der Interpretation begann und es im Juni 2018 mit der Bestnote abschloss. Damals erhielt sie das Professional Degree in Musik, mit Spezialisierung auf Viola, und erhielt anschlie\u00dfend den Au\u00dferordentlichen Preis f\u00fcr professionelle Musikausbildung von Castilla y Le\u00f3n.<\/p>\n<p>Anschlie\u00dfend studierte sie den Bachelor von Bratsche in Musikene (Baskenland), unter der Leitung von Josep Puchades, der Bratschist des ber\u00fchmten Quiroga-Quartetts. Sie schloss ihr Bachelor-Studium im Juni 2022 mit sehr guten Noten ab. Sie entwickelte auch Kammermusikt\u00e4tigkeit, unter anderem durch ihre Teilnahme am Zyklus der jungen Interpreten der Quincena Musical de San Sebasti\u00e1n (2021) und am Zyklus der jungen Interpreten der Juan March Stiftung in Madrid (2021).<\/p>\n<p>Im Oktober 2022 begann sie ihre Master an der HMDK Staatliche Hochschule f\u00fcr Musik und Darstellende Kunst, in Stuttgart, unter der Leitung von Andra Darzins und \u00d6yk\u00fc Canpolat, bei die sie ihre Ausbildung bis heute fortsetzt. Sie entwickelt auch ihre Orchestert\u00e4tigkeit und ist seit 2022 Mitglied des Jugend Orchester Nationale von Spanien (JONDE) und ab 2023 des European Union Youth Orchestra (EUYO). Au\u00dferdem hat sie in diesem Jahr mit der Jungen Deutschen Philharmonie gespielt und auch mit dem W\u00fcrttembergischer Philarmonie Reutlingen. Sie ist seit Oktober 2023 Aushilfe im Staatsoper Stuttgart und ab September 2024 spielt sie als Akademistin im Wuppertaler Sinfonieorchester.<\/p>\n<p>Schlie\u00dflich ist noch zu erw\u00e4hnen, dass sie in all diesen Jahren Meisterkurse bei renommierten Professoren wie William Coleman, Thomas Riebl, Pauline Sachse oder Simone von Rahden hatte.<\/p>","protected":false},"excerpt":{"rendered":"<p>Andrea Lamoca &#8211; Viola, Andrea Lamoca \u00c1lvarez wurde im Jahr 2000 in Palencia geboren, an dessen Musikkonservatorium sie ihr Studium der Interpretation begann und es im Juni 2018 mit der Bestnote abschloss. Damals erhielt sie das Professional Degree in Musik, mit Spezialisierung auf Viola, und erhielt anschlie\u00dfend den Au\u00dferordentlichen Preis f\u00fcr professionelle Musikausbildung von Castilla &hellip; <a href=\"https:\/\/ndrorchesterakademie.de\/?page_id=1099\" class=\"more-link\"><span class=\"screen-reader-text\">Andrea Lamoca<\/span> weiterlesen <span class=\"meta-nav\">&rarr;<\/span><\/a><\/p>\n","protected":false},"author":4,"featured_media":0,"parent":2339,"menu_order":0,"comment_status":"closed","ping_status":"closed","template":"","meta":{"footnotes":""},"class_list":["post-1099","page","type-page","status-publish","hentry"],"_links":{"self":[{"href":"https:\/\/ndrorchesterakademie.de\/index.php?rest_route=\/wp\/v2\/pages\/1099","targetHints":{"allow":["GET"]}}],"collection":[{"href":"https:\/\/ndrorchesterakademie.de\/index.php?rest_route=\/wp\/v2\/pages"}],"about":[{"href":"https:\/\/ndrorchesterakademie.de\/index.php?rest_route=\/wp\/v2\/types\/page"}],"author":[{"embeddable":true,"href":"https:\/\/ndrorchesterakademie.de\/index.php?rest_route=\/wp\/v2\/users\/4"}],"replies":[{"embeddable":true,"href":"https:\/\/ndrorchesterakademie.de\/index.php?rest_route=%2Fwp%2Fv2%2Fcomments&post=1099"}],"version-history":[{"count":35,"href":"https:\/\/ndrorchesterakademie.de\/index.php?rest_route=\/wp\/v2\/pages\/1099\/revisions"}],"predecessor-version":[{"id":2581,"href":"https:\/\/ndrorchesterakademie.de\/index.php?rest_route=\/wp\/v2\/pages\/1099\/revisions\/2581"}],"up":[{"embeddable":true,"href":"https:\/\/ndrorchesterakademie.de\/index.php?rest_route=\/wp\/v2\/pages\/2339"}],"wp:attachment":[{"href":"https:\/\/ndrorchesterakademie.de\/index.php?rest_route=%2Fwp%2Fv2%2Fmedia&parent=1099"}],"curies":[{"name":"wp","href":"https:\/\/api.w.org\/{rel}","templated":true}]}}